{"id":37,"date":"2025-06-24T20:12:40","date_gmt":"2025-06-24T18:12:40","guid":{"rendered":"http:\/\/vdtechnology.be\/index.php\/accueil\/"},"modified":"2025-06-25T08:15:24","modified_gmt":"2025-06-25T06:15:24","slug":"accueil","status":"publish","type":"page","link":"https:\/\/vdtechnology.be\/","title":{"rendered":"Accueil"},"content":{"rendered":"\n<h2 class=\"wp-block-heading\">Bienvenue chez VD Technology<\/h2>\n\n\n\n<p><strong>Votre sp\u00e9cialiste en d\u00e9pannage \u00e9lectrique et \u00e9nergies intelligentes<\/strong><\/p>\n\n\n\n<p>Chez VD Technology, nous mettons notre expertise au service de vos besoins \u00e9lectriques :<\/p>\n\n\n\n<ul class=\"wp-block-list\">\n<li><strong>D\u00e9pannages rapides<\/strong> pour particuliers et professionnels<\/li>\n\n\n\n<li><strong>Installation de bornes de recharge<\/strong> pour v\u00e9hicules \u00e9lectriques<\/li>\n\n\n\n<li><strong>Solutions de batteries et stockage d\u2019\u00e9nergie<\/strong> pour une autonomie optimis\u00e9e<\/li>\n<\/ul>\n\n\n\n<p>R\u00e9actifs, fiables et \u00e0 l\u2019\u00e9coute, nous intervenons dans toute la r\u00e9gion pour garantir votre s\u00e9curit\u00e9 et votre confort \u00e9lectrique au quotidien.<\/p>\n\n\n\n<p>\ud83d\udcde Une urgence ? Un projet ? Contactez-nous d\u00e8s maintenant pour un devis ou une intervention.<\/p>\n\n\n\n<p><\/p>\n","protected":false},"excerpt":{"rendered":"<p>Bienvenue chez VD Technology Votre sp\u00e9cialiste en d\u00e9pannage \u00e9lectrique et \u00e9nergies intelligentes Chez VD Technology, nous mettons notre expertise au service de vos besoins \u00e9lectriques : R\u00e9actifs, fiables et \u00e0 l\u2019\u00e9coute, nous intervenons dans toute la r\u00e9gion pour garantir votre s\u00e9curit\u00e9 et votre confort \u00e9lectrique au quotidien. \ud83d\udcde Une urgence ? Un projet ? Contactez-nous [&hellip;]<\/p>\n","protected":false},"author":2,"featured_media":0,"parent":0,"menu_order":0,"comment_status":"closed","ping_status":"closed","template":"","meta":{"footnotes":""},"class_list":["post-37","page","type-page","status-publish","hentry"],"_links":{"self":[{"href":"https:\/\/vdtechnology.be\/index.php\/wp-json\/wp\/v2\/pages\/37","targetHints":{"allow":["GET"]}}],"collection":[{"href":"https:\/\/vdtechnology.be\/index.php\/wp-json\/wp\/v2\/pages"}],"about":[{"href":"https:\/\/vdtechnology.be\/index.php\/wp-json\/wp\/v2\/types\/page"}],"author":[{"embeddable":true,"href":"https:\/\/vdtechnology.be\/index.php\/wp-json\/wp\/v2\/users\/2"}],"replies":[{"embeddable":true,"href":"https:\/\/vdtechnology.be\/index.php\/wp-json\/wp\/v2\/comments?post=37"}],"version-history":[{"count":5,"href":"https:\/\/vdtechnology.be\/index.php\/wp-json\/wp\/v2\/pages\/37\/revisions"}],"predecessor-version":[{"id":78,"href":"https:\/\/vdtechnology.be\/index.php\/wp-json\/wp\/v2\/pages\/37\/revisions\/78"}],"wp:attachment":[{"href":"https:\/\/vdtechnology.be\/index.php\/wp-json\/wp\/v2\/media?parent=37"}],"curies":[{"name":"wp","href":"https:\/\/api.w.org\/{rel}","templated":true}]}}