{"id":44,"date":"2025-06-24T20:23:06","date_gmt":"2025-06-24T18:23:06","guid":{"rendered":"http:\/\/vdtechnology.be\/?page_id=44"},"modified":"2025-06-24T22:23:20","modified_gmt":"2025-06-24T20:23:20","slug":"services-2","status":"publish","type":"page","link":"https:\/\/vdtechnology.be\/index.php\/services-2\/","title":{"rendered":"Services"},"content":{"rendered":"\n<h2 class=\"wp-block-heading\">Nos services<\/h2>\n\n\n\n<p>Chez VD Technology, nous proposons des solutions sur mesure pour vos besoins en \u00e9lectricit\u00e9, bornes de recharge et stockage d\u2019\u00e9nergie.<\/p>\n\n\n\n<h3 class=\"wp-block-heading\">\ud83d\udd27 D\u00e9pannage \u00e9lectrique<\/h3>\n\n\n\n<p>Interventions rapides et efficaces pour tous vos probl\u00e8mes \u00e9lectriques : pannes, coupures, disjoncteurs, prises, \u00e9clairage&#8230; Que vous soyez un particulier ou une entreprise, nous sommes disponibles pour diagnostiquer et r\u00e9soudre vos urgences \u00e9lectriques.<\/p>\n\n\n\n<h3 class=\"wp-block-heading\">\ud83d\udd0c Installation de bornes de recharge<\/h3>\n\n\n\n<p>Bornes pour voitures \u00e9lectriques install\u00e9es chez vous ou sur votre lieu de travail. Compatibles avec tous les v\u00e9hicules.<\/p>\n\n\n\n<h3 class=\"wp-block-heading\">\ud83d\udd0b Stockage d&rsquo;\u00e9nergie &amp; batteries<\/h3>\n\n\n\n<p>Syst\u00e8mes de stockage pour panneaux solaires, batteries domestiques intelligentes pour r\u00e9duire votre facture \u00e9nerg\u00e9tique.<br>Faites une simulation rapide pour calculer les \u00e9conomie de votre consommation avec notre fournisseur <a href=\"https:\/\/designer.azimut.be\/?installer_id=42871\">Azimut Energy<\/a><\/p>\n\n\n\n<p><\/p>\n","protected":false},"excerpt":{"rendered":"<p>Nos services Chez VD Technology, nous proposons des solutions sur mesure pour vos besoins en \u00e9lectricit\u00e9, bornes de recharge et stockage d\u2019\u00e9nergie. \ud83d\udd27 D\u00e9pannage \u00e9lectrique Interventions rapides et efficaces pour tous vos probl\u00e8mes \u00e9lectriques : pannes, coupures, disjoncteurs, prises, \u00e9clairage&#8230; Que vous soyez un particulier ou une entreprise, nous sommes disponibles pour diagnostiquer et r\u00e9soudre [&hellip;]<\/p>\n","protected":false},"author":1,"featured_media":0,"parent":0,"menu_order":0,"comment_status":"closed","ping_status":"closed","template":"","meta":{"footnotes":""},"class_list":["post-44","page","type-page","status-publish","hentry"],"_links":{"self":[{"href":"https:\/\/vdtechnology.be\/index.php\/wp-json\/wp\/v2\/pages\/44","targetHints":{"allow":["GET"]}}],"collection":[{"href":"https:\/\/vdtechnology.be\/index.php\/wp-json\/wp\/v2\/pages"}],"about":[{"href":"https:\/\/vdtechnology.be\/index.php\/wp-json\/wp\/v2\/types\/page"}],"author":[{"embeddable":true,"href":"https:\/\/vdtechnology.be\/index.php\/wp-json\/wp\/v2\/users\/1"}],"replies":[{"embeddable":true,"href":"https:\/\/vdtechnology.be\/index.php\/wp-json\/wp\/v2\/comments?post=44"}],"version-history":[{"count":4,"href":"https:\/\/vdtechnology.be\/index.php\/wp-json\/wp\/v2\/pages\/44\/revisions"}],"predecessor-version":[{"id":74,"href":"https:\/\/vdtechnology.be\/index.php\/wp-json\/wp\/v2\/pages\/44\/revisions\/74"}],"wp:attachment":[{"href":"https:\/\/vdtechnology.be\/index.php\/wp-json\/wp\/v2\/media?parent=44"}],"curies":[{"name":"wp","href":"https:\/\/api.w.org\/{rel}","templated":true}]}}